{"id":2,"date":"2019-06-28T10:07:29","date_gmt":"2019-06-28T08:07:29","guid":{"rendered":"http:\/\/011.dk\/akeeba2\/?page_id=2"},"modified":"2024-02-08T13:18:54","modified_gmt":"2024-02-08T12:18:54","slug":"forside","status":"publish","type":"page","link":"https:\/\/www.maritimenetwork.dk\/da\/","title":{"rendered":"Forside"},"content":{"rendered":"<h1>MARITIME NETWORK FREDERIKSHAVN<\/h1>\n<h2>Sammen st\u00e5r vi st\u00e6rkere<\/h2>\n<h2>50+ virksomheder i et maritimt netv\u00e6rk<\/h2>\n<div>\n<p>Maritime Network Frederikshavn arbejder for Det Bl\u00e5 Nordjylland.<\/p>\n<p>Vores medlemmer t\u00e6ller b\u00e5de store og sm\u00e5 virksomheder p\u00e5 og omkring havnen i Frederikshavn.<\/p>\n<p>Vi deler viden og ideer, skaber synlighed, arbejder sammen og finder l\u00f8sninger p\u00e5 tv\u00e6rs af vores forretninger. Og hj\u00e6lper hinanden med at skabe st\u00e6rke virksomheder i et st\u00e6rkt Nordjylland.<\/p>\n<\/div>\n<ul>\n<li>\n<p>        <img decoding=\"async\" src=\"\/wp-content\/uploads\/2020\/11\/oversigt_v10_00018.jpg\" alt=\"\"><\/p>\n<h3>Hvad er MNF?<\/h3>\n<div>L\u00e6s mere om MNF og vores f\u00e6lles m\u00e5l. M\u00f8d bestyrelsen, vores under-netv\u00e6rk og se kommende events. <\/div>\n<p><a href=\"\/da\/bag-om-mnf\/\"><\/a><\/p>\n<\/li>\n<li>\n<p>        <img decoding=\"async\" src=\"\/wp-content\/uploads\/2020\/11\/oversigt_v10_00018.jpg\" alt=\"\"><\/p>\n<h3>M\u00f8d medlemmerne<\/h3>\n<div>\n<p>F\u00e5 overblik over de 50+ virksomheder, der er med til at g\u00f8re MNF til et st\u00e6rkt maritimt netv\u00e6rk.<\/p>\n<\/div>\n<p><a href=\"\/da\/medlemmer\/\"><\/a><\/p>\n<\/li>\n<\/ul>\n<h1>Seneste nyheder<\/h1>\n<div>\n<\/div>\n<h3>Derfor skal du v\u00e6re medlem<\/h3>\n<blockquote>\n<p>\u201eVil du v\u00e6re en del af Nordjyllands mest sp\u00e6ndende maritime netv\u00e6rk\u2026..<br \/>\nVil du netv\u00e6rker og lave B2B med mere end 60 andre virksomheder\u2026.<br \/>\nVil du deltage i sp\u00e6ndende ERFA grupper\u2026..<br \/>\nVil du h\u00f8re sjove foredrag og deltage i sp\u00e6ndende arrangementer\u2026<\/p>\n<p>Hvis du kan svare JA til disse sp\u00f8rgsm\u00e5l \u2013 s\u00e5 er det grunden til at melde dig ind i MNF\u2026\u201c<\/p>\n<footer>\n<p>                <cite>Christina \u00d8rskov, Formand for Maritme Network Frederikshavn og Ejer &#038; Direkt\u00f8r v\/Orskov Yard<\/cite><\/p>\n<\/footer>\n<\/blockquote>\n<p><!--more--><br \/>\n<!-- {\"name\":\"Home\",\"type\":\"layout\",\"children\":[{\"name\":\"Hero\",\"type\":\"section\",\"props\":{\"class\":\"demo\",\"header_transparent\":\"light\",\"header_transparent_noplaceholder\":true,\"height\":\"percent\",\"image\":\"wp-content\\\/uploads\\\/2020\\\/11\\\/oversigt_v10_00018.jpg\",\"image_height\":\"1440\",\"image_parallax_bgx\":\"0,-60\",\"image_position\":\"center-right\",\"image_size\":\"cover\",\"image_width\":\"2560\",\"media_background\":\"rgba(0, 0, 0, 0.6)\",\"media_blend_mode\":\"overlay\",\"padding\":\"large\",\"style\":\"secondary\",\"title_breakpoint\":\"xl\",\"title_position\":\"top-left\",\"title_rotation\":\"left\",\"vertical_align\":\"middle\",\"width\":\"default\"},\"children\":[{\"name\":\"\",\"type\":\"row\",\"children\":[{\"name\":\"\",\"type\":\"column\",\"props\":{\"image\":\"\",\"image_effect\":\"parallax\",\"image_parallax_bgy\":\"-10,-90\",\"image_parallax_easing\":\"1\",\"image_position\":\"center-center\",\"media_overlay_gradient\":\"\",\"position_sticky_breakpoint\":\"m\",\"width_medium\":\"1-1\"},\"children\":[{\"name\":\"\",\"type\":\"headline\",\"props\":{\"animation\":\"parallax\",\"content\":\"MARITIME NETWORK FREDERIKSHAVN\",\"margin\":\"small\",\"maxwidth\":\"large\",\"maxwidth_breakpoint\":\"m\",\"parallax_breakpoint\":\"s\",\"parallax_easing\":\"1\",\"parallax_end\":\"5vh + 5%\",\"parallax_opacity\":\"1,0\",\"text_align\":\"left\",\"text_align_breakpoint\":\"m\",\"text_align_fallback\":\"center\",\"title_decoration\":\"line\",\"title_element\":\"h1\",\"title_style\":\"h6\"}},{\"name\":\"\",\"type\":\"headline\",\"props\":{\"animation\":\"none\",\"content\":\"Sammen st\\u00e5r vi st\\u00e6rkere\",\"margin\":\"small\",\"maxwidth\":\"xlarge\",\"maxwidth_breakpoint\":\"m\",\"parallax_breakpoint\":\"s\",\"parallax_easing\":0.8000000000000000444089209850062616169452667236328125,\"parallax_end\":\"5vh + 5%\",\"parallax_opacity\":\"1,0\",\"parallax_y\":\"0,60\",\"text_align\":\"left\",\"text_align_breakpoint\":\"m\",\"text_align_fallback\":\"center\",\"title_element\":\"h2\",\"title_style\":\"heading-large\"}}]}]}]},{\"type\":\"section\",\"props\":{\"image_position\":\"center-center\",\"style\":\"default\",\"title_breakpoint\":\"xl\",\"title_position\":\"top-left\",\"title_rotation\":\"left\",\"vertical_align\":\"middle\",\"width\":\"xlarge\"},\"children\":[{\"type\":\"row\",\"props\":{\"layout\":\"1-2,1-2\"},\"children\":[{\"type\":\"column\",\"props\":{\"image_position\":\"center-center\",\"media_overlay_gradient\":\"\",\"position_sticky_breakpoint\":\"m\",\"vertical_align\":\"middle\",\"width_medium\":\"1-2\"},\"children\":[{\"type\":\"headline\",\"props\":{\"content\":\"50+ virksomheder i et maritimt netv\\u00e6rk\",\"title_element\":\"h2\",\"title_style\":\"heading-medium\"}}]},{\"type\":\"column\",\"props\":{\"image_position\":\"center-center\",\"media_overlay_gradient\":\"\",\"position_sticky_breakpoint\":\"m\",\"style\":\"primary\",\"width_medium\":\"1-2\"},\"children\":[{\"type\":\"text\",\"props\":{\"column_breakpoint\":\"m\",\"content\":\"\n\n<p>Maritime Network Frederikshavn arbejder for Det Bl\\u00e5 Nordjylland.<\\\/p>\\n\n\n<p>Vores medlemmer t\\u00e6ller b\\u00e5de store og sm\\u00e5 virksomheder p\\u00e5 og omkring havnen i Frederikshavn.<\\\/p>\\n\n\n<p>Vi deler viden og ideer, skaber synlighed, arbejder sammen og finder l\\u00f8sninger p\\u00e5 tv\\u00e6rs af vores forretninger. Og hj\\u00e6lper hinanden med at skabe st\\u00e6rke virksomheder i et st\\u00e6rkt Nordjylland.<\\\/p>\",\"dropcap\":false,\"margin\":\"default\",\"text_style\":\"lead\"}}]}]}]},{\"type\":\"section\",\"props\":{\"image_position\":\"center-center\",\"style\":\"secondary\",\"title_breakpoint\":\"xl\",\"title_position\":\"top-left\",\"title_rotation\":\"left\",\"vertical_align\":\"middle\",\"width\":\"default\"},\"children\":[{\"type\":\"row\",\"props\":{\"layout\":\"2-3,1-3\"},\"children\":[{\"type\":\"column\",\"props\":{\"image_position\":\"center-center\",\"media_overlay_gradient\":\"\",\"position_sticky_breakpoint\":\"m\",\"width_medium\":\"2-3\"},\"children\":[{\"type\":\"gallery\",\"props\":{\"content_margin\":\"small\",\"filter_align\":\"left\",\"filter_all\":true,\"filter_grid_breakpoint\":\"m\",\"filter_grid_width\":\"auto\",\"filter_position\":\"top\",\"filter_style\":\"tab\",\"grid_default\":\"1\",\"grid_medium\":\"2\",\"image_height\":\"800\",\"image_transition\":\"scale-up\",\"image_width\":\"600\",\"item_animation\":true,\"link_style\":\"default\",\"link_text\":\"\",\"margin\":\"default\",\"meta_align\":\"below-title\",\"meta_element\":\"div\",\"meta_style\":\"text-meta\",\"overlay_hover\":false,\"overlay_link\":true,\"overlay_margin\":\"medium\",\"overlay_maxwidth\":\"large\",\"overlay_mode\":\"caption\",\"overlay_padding\":\"small\",\"overlay_position\":\"bottom-center\",\"overlay_style\":\"overlay-primary\",\"overlay_transition\":\"fade\",\"parallax_easing\":\"1\",\"show_content\":true,\"show_hover_image\":true,\"show_link\":true,\"show_meta\":true,\"show_title\":true,\"text_align\":\"center\",\"text_color\":\"light\",\"title_element\":\"h3\",\"title_hover_style\":\"reset\",\"title_link\":false},\"children\":[{\"type\":\"gallery_item\",\"props\":{\"content\":\"L\\u00e6s mere om MNF og vores f\\u00e6lles m\\u00e5l. M\\u00f8d bestyrelsen, vores under-netv\\u00e6rk og se kommende events. \",\"image\":\"wp-content\\\/uploads\\\/2020\\\/11\\\/oversigt_v10_00018.jpg\",\"link\":\"da\\\/bag-om-mnf\\\/\",\"title\":\"Hvad er MNF?\"}},{\"type\":\"gallery_item\",\"props\":{\"content\":\"\n\n<p>F\\u00e5 overblik over de 50+ virksomheder, der er med til at g\\u00f8re MNF til et st\\u00e6rkt maritimt netv\\u00e6rk.<\\\/p>\",\"image\":\"wp-content\\\/uploads\\\/2020\\\/11\\\/oversigt_v10_00018.jpg\",\"link\":\"da\\\/medlemmer\\\/\",\"title\":\"M\\u00f8d medlemmerne\"}}]}]},{\"type\":\"column\",\"props\":{\"image_position\":\"center-center\",\"media_overlay_gradient\":\"\",\"position_sticky_breakpoint\":\"m\",\"width_medium\":\"1-3\"},\"children\":[{\"type\":\"headline\",\"props\":{\"content\":\"Seneste nyheder\",\"title_element\":\"h1\"}},{\"type\":\"description_list\",\"props\":{\"column_breakpoint\":\"m\",\"layout\":\"stacked\",\"list_element\":\"ul\",\"list_marker\":\"\",\"list_size\":\"\",\"list_style\":\"striped\",\"meta_align\":\"below-title\",\"meta_style\":\"text-meta\",\"show_content\":true,\"show_link\":true,\"show_meta\":true,\"show_title\":true,\"title_colon\":false,\"title_element\":\"div\",\"title_grid_breakpoint\":\"\",\"title_grid_column_gap\":\"small\",\"title_grid_row_gap\":\"small\",\"title_grid_width\":\"auto\",\"title_style\":\"h3\"},\"children\":[{\"type\":\"description_list_item\",\"source\":{\"query\":{\"name\":\"posts.customPosts\",\"arguments\":{\"terms\":[1],\"offset\":0,\"limit\":3,\"order\":\"date\",\"order_direction\":\"DESC\"}},\"props\":{\"title\":{\"filters\":{\"search\":\"\"},\"name\":\"title\"},\"meta\":{\"filters\":{\"search\":\"\",\"date\":\"\"},\"name\":\"date\"},\"content\":{\"filters\":{\"search\":\"\",\"limit\":150},\"name\":\"content\",\"arguments\":{\"show_intro_text\":true}},\"link\":{\"filters\":{\"search\":\"\"},\"name\":\"link\"}}}}]}]}]}]},{\"name\":\"Clients\",\"type\":\"section\",\"props\":{\"image_position\":\"center-center\",\"style\":\"default\",\"title_breakpoint\":\"xl\",\"title_position\":\"top-left\",\"title_rotation\":\"left\",\"vertical_align\":\"middle\",\"width\":\"xlarge\"},\"children\":[{\"name\":\"\",\"type\":\"row\",\"props\":{\"layout\":\"1-2,1-2\",\"margin\":\"large\"},\"children\":[{\"name\":\"\",\"type\":\"column\",\"props\":{\"image_position\":\"center-center\",\"media_overlay_gradient\":\"\",\"position_sticky_breakpoint\":\"m\",\"vertical_align\":\"middle\",\"width_medium\":\"1-2\"},\"children\":[{\"name\":\"\",\"type\":\"headline\",\"props\":{\"animation\":\"parallax\",\"content\":\"Derfor skal du v\\u00e6re medlem\",\"parallax_easing\":\"1\",\"parallax_end\":\"60vh + 60%\",\"parallax_opacity\":\"0,1\",\"parallax_y\":\"40,0\",\"text_align\":\"left\",\"text_align_breakpoint\":\"m\",\"text_align_fallback\":\"center\",\"title_element\":\"h3\",\"title_style\":\"h2\"}}]},{\"name\":\"\",\"type\":\"column\",\"props\":{\"image_position\":\"center-center\",\"media_overlay_gradient\":\"\",\"position_sticky_breakpoint\":\"m\",\"width_medium\":\"1-2\"},\"children\":[{\"name\":\"\",\"type\":\"quotation\",\"props\":{\"animation\":\"parallax\",\"author\":\"Christina \\u00d8rskov, Formand for Maritme Network Frederikshavn og Ejer & Direkt\\u00f8r v\\\/Orskov Yard\",\"content\":\"\n\n<p>\\u201eVil du v\\u00e6re en del af Nordjyllands mest sp\\u00e6ndende maritime netv\\u00e6rk\\u2026..\\nVil du netv\\u00e6rker og lave B2B med mere end 60 andre virksomheder\\u2026.\\nVil du deltage i sp\\u00e6ndende ERFA grupper\\u2026..\\nVil du h\\u00f8re sjove foredrag og deltage i sp\\u00e6ndende arrangementer\\u2026\\n \\nHvis du kan svare JA til disse sp\\u00f8rgsm\\u00e5l \\u2013 s\\u00e5 er det grunden til at melde dig ind i MNF\\u2026\\u201c<\\\/p>\",\"parallax_easing\":\"1\",\"parallax_end\":\"60vh + 60%\",\"parallax_opacity\":\"0,1\",\"parallax_y\":\"40,0\",\"text_align\":\"left\",\"text_align_breakpoint\":\"m\",\"text_align_fallback\":\"center\"}}]}]}]}],\"version\":\"3.0.23\",\"yooessentialsVersion\":\"1.9.3\"} --><\/p>\n","protected":false},"excerpt":{"rendered":"<p>MARITIME NETWORK FREDERIKSHAVN Sammen st\u00e5r vi st\u00e6rkere 50+ virksomheder i et maritimt netv\u00e6rk Maritime Network Frederikshavn arbejder for Det Bl\u00e5 Nordjylland. Vores medlemmer t\u00e6ller b\u00e5de store og sm\u00e5 virksomheder p\u00e5 og omkring havnen i Frederikshavn. Vi deler viden og ideer, skaber synlighed, arbejder sammen og finder l\u00f8sninger p\u00e5 tv\u00e6rs af vores forretninger. Og hj\u00e6lper hinanden [&hellip;]<\/p>\n","protected":false},"author":1,"featured_media":0,"parent":0,"menu_order":0,"comment_status":"closed","ping_status":"open","template":"","meta":{"_acf_changed":false,"footnotes":""},"class_list":["post-2","page","type-page","status-publish","hentry"],"acf":[],"yoast_head":"<!-- This site is optimized with the Yoast SEO plugin v27.5 - https:\/\/yoast.com\/product\/yoast-seo-wordpress\/ -->\n<title>Maritime Network Frederikshavn arbejder for Det Bl\u00e5 Nordjylland.<\/title>\n<meta name=\"description\" content=\"Vores medlemmer t\u00e6ller b\u00e5de store og sm\u00e5 virksomheder p\u00e5 og omkring havnen i Frederikshavn. Vi deler viden og ideer, skaber synlighed, arbejder sammen.\" \/>\n<meta name=\"robots\" content=\"index, follow, max-snippet:-1, max-image-preview:large, max-video-preview:-1\" \/>\n<link rel=\"canonical\" href=\"https:\/\/www.maritimenetwork.dk\/da\/\" \/>\n<meta property=\"og:locale\" content=\"da_DK\" \/>\n<meta property=\"og:type\" content=\"article\" \/>\n<meta property=\"og:title\" content=\"Maritime Network Frederikshavn arbejder for Det Bl\u00e5 Nordjylland.\" \/>\n<meta property=\"og:description\" content=\"Vores medlemmer t\u00e6ller b\u00e5de store og sm\u00e5 virksomheder p\u00e5 og omkring havnen i Frederikshavn. Vi deler viden og ideer, skaber synlighed, arbejder sammen.\" \/>\n<meta property=\"og:url\" content=\"https:\/\/www.maritimenetwork.dk\/da\/\" \/>\n<meta property=\"og:site_name\" content=\"Maritime Network Frederikshavn\" \/>\n<meta property=\"article:modified_time\" content=\"2024-02-08T12:18:54+00:00\" \/>\n<meta name=\"twitter:card\" content=\"summary_large_image\" \/>\n<meta name=\"twitter:label1\" content=\"Estimeret l\u00e6setid\" \/>\n\t<meta name=\"twitter:data1\" content=\"2 minutter\" \/>\n<script type=\"application\/ld+json\" class=\"yoast-schema-graph\">{\"@context\":\"https:\\\/\\\/schema.org\",\"@graph\":[{\"@type\":\"WebPage\",\"@id\":\"https:\\\/\\\/www.maritimenetwork.dk\\\/da\\\/\",\"url\":\"https:\\\/\\\/www.maritimenetwork.dk\\\/da\\\/\",\"name\":\"Maritime Network Frederikshavn arbejder for Det Bl\u00e5 Nordjylland.\",\"isPartOf\":{\"@id\":\"https:\\\/\\\/www.maritimenetwork.dk\\\/da\\\/#website\"},\"datePublished\":\"2019-06-28T08:07:29+00:00\",\"dateModified\":\"2024-02-08T12:18:54+00:00\",\"description\":\"Vores medlemmer t\u00e6ller b\u00e5de store og sm\u00e5 virksomheder p\u00e5 og omkring havnen i Frederikshavn. Vi deler viden og ideer, skaber synlighed, arbejder sammen.\",\"breadcrumb\":{\"@id\":\"https:\\\/\\\/www.maritimenetwork.dk\\\/da\\\/#breadcrumb\"},\"inLanguage\":\"da-DK\",\"potentialAction\":[{\"@type\":\"ReadAction\",\"target\":[\"https:\\\/\\\/www.maritimenetwork.dk\\\/da\\\/\"]}]},{\"@type\":\"BreadcrumbList\",\"@id\":\"https:\\\/\\\/www.maritimenetwork.dk\\\/da\\\/#breadcrumb\",\"itemListElement\":[{\"@type\":\"ListItem\",\"position\":1,\"name\":\"Home\",\"item\":\"https:\\\/\\\/www.maritimenetwork.dk\\\/da\\\/\"},{\"@type\":\"ListItem\",\"position\":2,\"name\":\"Forside\"}]},{\"@type\":\"WebSite\",\"@id\":\"https:\\\/\\\/www.maritimenetwork.dk\\\/da\\\/#website\",\"url\":\"https:\\\/\\\/www.maritimenetwork.dk\\\/da\\\/\",\"name\":\"Maritime Network Frederikshavn\",\"description\":\"Maritime Network Frederikshavn\",\"potentialAction\":[{\"@type\":\"SearchAction\",\"target\":{\"@type\":\"EntryPoint\",\"urlTemplate\":\"https:\\\/\\\/www.maritimenetwork.dk\\\/da\\\/?s={search_term_string}\"},\"query-input\":{\"@type\":\"PropertyValueSpecification\",\"valueRequired\":true,\"valueName\":\"search_term_string\"}}],\"inLanguage\":\"da-DK\"}]}<\/script>\n<!-- \/ Yoast SEO plugin. -->","yoast_head_json":{"title":"Maritime Network Frederikshavn arbejder for Det Bl\u00e5 Nordjylland.","description":"Vores medlemmer t\u00e6ller b\u00e5de store og sm\u00e5 virksomheder p\u00e5 og omkring havnen i Frederikshavn. Vi deler viden og ideer, skaber synlighed, arbejder sammen.","robots":{"index":"index","follow":"follow","max-snippet":"max-snippet:-1","max-image-preview":"max-image-preview:large","max-video-preview":"max-video-preview:-1"},"canonical":"https:\/\/www.maritimenetwork.dk\/da\/","og_locale":"da_DK","og_type":"article","og_title":"Maritime Network Frederikshavn arbejder for Det Bl\u00e5 Nordjylland.","og_description":"Vores medlemmer t\u00e6ller b\u00e5de store og sm\u00e5 virksomheder p\u00e5 og omkring havnen i Frederikshavn. Vi deler viden og ideer, skaber synlighed, arbejder sammen.","og_url":"https:\/\/www.maritimenetwork.dk\/da\/","og_site_name":"Maritime Network Frederikshavn","article_modified_time":"2024-02-08T12:18:54+00:00","twitter_card":"summary_large_image","twitter_misc":{"Estimeret l\u00e6setid":"2 minutter"},"schema":{"@context":"https:\/\/schema.org","@graph":[{"@type":"WebPage","@id":"https:\/\/www.maritimenetwork.dk\/da\/","url":"https:\/\/www.maritimenetwork.dk\/da\/","name":"Maritime Network Frederikshavn arbejder for Det Bl\u00e5 Nordjylland.","isPartOf":{"@id":"https:\/\/www.maritimenetwork.dk\/da\/#website"},"datePublished":"2019-06-28T08:07:29+00:00","dateModified":"2024-02-08T12:18:54+00:00","description":"Vores medlemmer t\u00e6ller b\u00e5de store og sm\u00e5 virksomheder p\u00e5 og omkring havnen i Frederikshavn. Vi deler viden og ideer, skaber synlighed, arbejder sammen.","breadcrumb":{"@id":"https:\/\/www.maritimenetwork.dk\/da\/#breadcrumb"},"inLanguage":"da-DK","potentialAction":[{"@type":"ReadAction","target":["https:\/\/www.maritimenetwork.dk\/da\/"]}]},{"@type":"BreadcrumbList","@id":"https:\/\/www.maritimenetwork.dk\/da\/#breadcrumb","itemListElement":[{"@type":"ListItem","position":1,"name":"Home","item":"https:\/\/www.maritimenetwork.dk\/da\/"},{"@type":"ListItem","position":2,"name":"Forside"}]},{"@type":"WebSite","@id":"https:\/\/www.maritimenetwork.dk\/da\/#website","url":"https:\/\/www.maritimenetwork.dk\/da\/","name":"Maritime Network Frederikshavn","description":"Maritime Network Frederikshavn","potentialAction":[{"@type":"SearchAction","target":{"@type":"EntryPoint","urlTemplate":"https:\/\/www.maritimenetwork.dk\/da\/?s={search_term_string}"},"query-input":{"@type":"PropertyValueSpecification","valueRequired":true,"valueName":"search_term_string"}}],"inLanguage":"da-DK"}]}},"_links":{"self":[{"href":"https:\/\/www.maritimenetwork.dk\/da\/wp-json\/wp\/v2\/pages\/2","targetHints":{"allow":["GET"]}}],"collection":[{"href":"https:\/\/www.maritimenetwork.dk\/da\/wp-json\/wp\/v2\/pages"}],"about":[{"href":"https:\/\/www.maritimenetwork.dk\/da\/wp-json\/wp\/v2\/types\/page"}],"author":[{"embeddable":true,"href":"https:\/\/www.maritimenetwork.dk\/da\/wp-json\/wp\/v2\/users\/1"}],"replies":[{"embeddable":true,"href":"https:\/\/www.maritimenetwork.dk\/da\/wp-json\/wp\/v2\/comments?post=2"}],"version-history":[{"count":30,"href":"https:\/\/www.maritimenetwork.dk\/da\/wp-json\/wp\/v2\/pages\/2\/revisions"}],"predecessor-version":[{"id":2854,"href":"https:\/\/www.maritimenetwork.dk\/da\/wp-json\/wp\/v2\/pages\/2\/revisions\/2854"}],"wp:attachment":[{"href":"https:\/\/www.maritimenetwork.dk\/da\/wp-json\/wp\/v2\/media?parent=2"}],"curies":[{"name":"wp","href":"https:\/\/api.w.org\/{rel}","templated":true}]}}